





{"id":397,"date":"2019-06-12T05:54:04","date_gmt":"2019-06-12T08:54:04","guid":{"rendered":"https:\/\/labweb.com.br\/blog\/?page_id=397"},"modified":"2019-06-14T06:57:55","modified_gmt":"2019-06-14T09:57:55","slug":"como-consegui-trabalho-freelancer-no-workana","status":"publish","type":"page","link":"https:\/\/www.labweb.com.br\/blog\/?page_id=397","title":{"rendered":"Como consegui trabalho freelancer no Workana"},"content":{"rendered":"\n<p>Voc\u00ea est\u00e1 precisando de dinheiro? Possui algum conhecimento e pode resolver o problema de outras pessoas? <\/p>\n\n\n\n<p>Ent\u00e3o voc\u00ea pode trabalhar como freelancer e conseguir levantar uma grana nas horas vagas! <\/p>\n\n\n\n<p>Abaixo vou contar como foi minha experi\u00eancia no Workana e como consegui me destacar l\u00e1.<\/p>\n\n\n\n<h2>Eu estava com a corda no pesco\u00e7o<\/h2>\n\n\n\n<p>Lembro que na \u00e9poca estava com a corda no pesco\u00e7o e precisando muito de grana.<\/p>\n\n\n\n<p>Eu comprei meu apartamento ainda na planta e precisei financiar a entrada. Quando entregaram a chave, virou uma bola de neve: entrada + parcela + condom\u00ednio.<\/p>\n\n\n\n<p>Fiquei 1 ano para conseguir acertar as contas. E quando consegui, me meti em novas d\u00edvidas, agora para reformar o apartamento antes de entrar.<\/p>\n\n\n\n<p>Chegou num ponto que faltava pouco para terminar, mas os cart\u00f5es tanto meus quanto da minha esposa estavam travados. N\u00e3o dava pra comprar mais nada.<\/p>\n\n\n\n<h2>Como consegui obter sucesso<\/h2>\n\n\n\n<p>Foi bem nessa \u00e9poca que comecei a quebrar a cabe\u00e7a e resolvi tentar o Workana mais um vez. Eu j\u00e1 havia tentado antes, mas sem sucesso.<\/p>\n\n\n\n<p>Pra garantir que conseguiria dessa vez, comecei a procurar dicas na internet que me ajudassem a conseguir pegar os projetos do Workana.<\/p>\n\n\n\n<p>Por sorte, me deparei com o ebook  <a href=\"https:\/\/go.hotmart.com\/P9267859C\">&#8220;TopFreela&#8221;<\/a> que prometia me ensinar a como se destacar na plataforma. Mas como eu disse, eu estava totalmente sem grana pra comprar.<\/p>\n\n\n\n<p>Fiquei pensando no que fazer por alguns dias, remoendo minha frustra\u00e7\u00e3o financeira e resolvi arriscar uma loucura.<\/p>\n\n\n\n<p>Como estava sem grana, chorei as m\u00e1goas pra uma amiga do trabalho e perguntei se ela poderia me fazer um enorme favor: comprar o ebook pra mim e dentro de 1 m\u00eas eu devolveria o dinheiro.<\/p>\n\n\n\n<p>Por sorte ela aceitou, eu gerei um boleto e ela pagou. Eu estava muito ansioso, n\u00e3o via a hora de poder baixar o ebook. <\/p>\n\n\n\n<h2>Passo a passo<\/h2>\n\n\n\n<p>Achei as dicas bem razo\u00e1veis e segui tudo a risca, conforme estava no ebook: alterei meu perfil como indicado e segui \u00e0 risca tamb\u00e9m a forma de me comunicar com os clientes nas propostas que enviei.<\/p>\n\n\n\n<p>Foi um m\u00eas longo e desesperador. Conforme os dias iam passando eu estava cada vez mais mais desesperado para conseguir reaver o dinheiro do investimento e pagar minha amiga.<\/p>\n\n\n\n<p>Finalmente consegui pegar um primeiro trabalho freelancer no Workana e logo depois, mais outro. Exatamente 1 m\u00eas depois de ter adquirido o ebook eu devolvi o dinheiro pra ela. Ufa!<\/p>\n\n\n\n<h2>Ganhei 20x mais que o investimento inicial<\/h2>\n\n\n\n<p>O investimento foi \u00f3timo. Se voc\u00ea pensar que at\u00e9 agora (o momento em que estou escrevendo esse post) <strong>eu ganhei 20 vezes mais<\/strong> que o investimento inicial, considero um \u00f3timo neg\u00f3cio!<\/p>\n\n\n\n<p>S\u00f3 n\u00e3o peguei mais trabalhos realmente por falta de tempo, por conta dos estudos. Tamb\u00e9m n\u00e3o cheguei a tentar aplicar os ensinamentos para outras plataformas, mas acredito que seja poss\u00edvel obter sucesso se eu me dedicasse a isso.<\/p>\n\n\n\n<p>Como eu disse, o ebook  <a href=\"https:\/\/go.hotmart.com\/P9267859C\">&#8220;TopFreela&#8221;<\/a>  n\u00e3o ensina nada absurdo, nem f\u00f3rmulas m\u00e1gicas para obter sucesso. Mas ele te d\u00e1 um passo-a-passo  e se voc\u00ea seguir as dicas exatamente da forma como ensinado, vai conseguir se destacar e conseguir ser um freelancer de sucesso na plataforma.<\/p>\n\n\n\n<p>O resto \u00e9 trabalhar bem e entregar um servi\u00e7o de qualidade para seus clientes.<\/p>\n\n\n\n<p>Ficou interessado? Ent\u00e3o baixe o <a href=\"https:\/\/go.hotmart.com\/P9267859C\">&#8220;TopFreela&#8221;<\/a> e destaque-se!<\/p>\n","protected":false},"excerpt":{"rendered":"<p>Voc\u00ea est\u00e1 precisando de dinheiro? Possui algum conhecimento e pode resolver o problema de outras pessoas? Ent\u00e3o voc\u00ea pode trabalhar como freelancer e conseguir levantar uma grana nas horas vagas! Abaixo vou contar como foi minha experi\u00eancia no Workana e como consegui me destacar l\u00e1. Eu estava com a corda no pesco\u00e7o Lembro que na&#8230;<\/p>\n","protected":false},"author":1,"featured_media":0,"parent":0,"menu_order":0,"comment_status":"closed","ping_status":"closed","template":"","meta":[],"_links":{"self":[{"href":"https:\/\/www.labweb.com.br\/blog\/index.php?rest_route=\/wp\/v2\/pages\/397"}],"collection":[{"href":"https:\/\/www.labweb.com.br\/blog\/index.php?rest_route=\/wp\/v2\/pages"}],"about":[{"href":"https:\/\/www.labweb.com.br\/blog\/index.php?rest_route=\/wp\/v2\/types\/page"}],"author":[{"embeddable":true,"href":"https:\/\/www.labweb.com.br\/blog\/index.php?rest_route=\/wp\/v2\/users\/1"}],"replies":[{"embeddable":true,"href":"https:\/\/www.labweb.com.br\/blog\/index.php?rest_route=%2Fwp%2Fv2%2Fcomments&post=397"}],"version-history":[{"count":4,"href":"https:\/\/www.labweb.com.br\/blog\/index.php?rest_route=\/wp\/v2\/pages\/397\/revisions"}],"predecessor-version":[{"id":414,"href":"https:\/\/www.labweb.com.br\/blog\/index.php?rest_route=\/wp\/v2\/pages\/397\/revisions\/414"}],"wp:attachment":[{"href":"https:\/\/www.labweb.com.br\/blog\/index.php?rest_route=%2Fwp%2Fv2%2Fmedia&parent=397"}],"curies":[{"name":"wp","href":"https:\/\/api.w.org\/{rel}","templated":true}]}}